{"id":75811,"date":"2015-03-10T02:45:33","date_gmt":"2015-03-10T01:45:33","guid":{"rendered":"https:\/\/www.cubeinfo.it\/servizi\/direzione-lavori\/"},"modified":"2019-06-29T19:57:10","modified_gmt":"2019-06-29T17:57:10","slug":"studi-fattibilita","status":"publish","type":"page","link":"https:\/\/www.cubeinfo.it\/en\/servizi\/studi-fattibilita\/","title":{"rendered":"Feasibility studies"},"content":{"rendered":"<div  class=\"vc_row wpb_row  vc_custom_1433128672748\" style=\"\"><div class=\"boxed\"><div class=\"container\"><div class=\"vc_row\"><div class=\"wpb_column vc_column_container col-sm-6 vc_col-sm-6 col-lg-6 vc_col-lg-6\"><div class=\"vc_column-inner\"><div class=\"wpb_wrapper\"><div class=\"vc_custom_heading heading-title-3\" ><h2 style=\"font-size: 20px;text-align: left\" >Our feasibility studies and project finance<\/h2><\/div>\n\t<div class=\"wpb_text_column wpb_content_element\" >\n\t\t<div class=\"wpb_wrapper\">\n\t\t\t<div id=\"boxTesto\">\n<p>The technical and economic feasibility studies necessary for the evaluation of the feasibility of a work are drafted thanks to internal professional figures as regards the technical aspects, activating dedicated collaborations in the various sectors of covili and plant works with specific external financial consultancy companies.<\/p>\n<p>CUBE Srl has been working in the project finance sector for years now, having implemented and managed activities related to the Project Financing concept in the sector of tourism, hospitality and leisure services, recreational sports sector, management sector.<\/p>\n<\/div>\n\n\t\t<\/div>\n\t<\/div>\n<\/div><\/div><\/div><div class=\"wpb_column vc_column_container col-sm-6 vc_col-sm-6 col-lg-6 vc_col-lg-6\"><div class=\"vc_column-inner\"><div class=\"wpb_wrapper\"><div class=\"vc_custom_heading heading-title-3\" ><h2 style=\"font-size: 20px;text-align: left\" >examples<\/h2><\/div><div class=\"wpb_images_carousel wpb_content_element vc_clearfix images-carousel-2\"><div class=\"wpb_wrapper\"><div id=\"vc_images-carousel-1-1777107491\" data-ride=\"vc_carousel\" data-wrap=\"true\" style=\"width: 100%;\" data-interval=\"3000\" data-auto-height=\"yes\" data-mode=\"horizontal\" data-partial=\"false\" data-per-view=\"1\" data-hide-on-end=\"false\" class=\"vc_slide vc_images_carousel\"><div class=\"vc_carousel-inner\"><div class=\"vc_carousel-slideline\"><div class=\"vc_carousel-slideline-inner\"><div class=\"vc_item\"><div class=\"vc_inner\"><img loading=\"lazy\" decoding=\"async\" width=\"500\" height=\"310\" src=\"https:\/\/www.cubeinfo.it\/wp-content\/uploads\/2019\/04\/dirla1.jpg\" class=\"attachment-full\" alt=\"\" title=\"dirla1\" srcset=\"https:\/\/www.cubeinfo.it\/wp-content\/uploads\/2019\/04\/dirla1.jpg 500w, https:\/\/www.cubeinfo.it\/wp-content\/uploads\/2019\/04\/dirla1-300x186.jpg 300w, https:\/\/www.cubeinfo.it\/wp-content\/uploads\/2019\/04\/dirla1-768x476.jpg 768w\" sizes=\"(max-width: 500px) 100vw, 500px\" \/><\/div><\/div><div class=\"vc_item\"><div class=\"vc_inner\"><img loading=\"lazy\" decoding=\"async\" width=\"500\" height=\"310\" src=\"https:\/\/www.cubeinfo.it\/wp-content\/uploads\/2019\/04\/dirla3.jpg\" class=\"attachment-full\" alt=\"\" title=\"dirla3\" srcset=\"https:\/\/www.cubeinfo.it\/wp-content\/uploads\/2019\/04\/dirla3.jpg 500w, https:\/\/www.cubeinfo.it\/wp-content\/uploads\/2019\/04\/dirla3-300x186.jpg 300w, https:\/\/www.cubeinfo.it\/wp-content\/uploads\/2019\/04\/dirla3-768x476.jpg 768w\" sizes=\"(max-width: 500px) 100vw, 500px\" \/><\/div><\/div><div class=\"vc_item\"><div class=\"vc_inner\"><img loading=\"lazy\" decoding=\"async\" width=\"500\" height=\"310\" src=\"https:\/\/www.cubeinfo.it\/wp-content\/uploads\/2019\/04\/dirla2.jpg\" class=\"attachment-full\" alt=\"\" title=\"dirla2\" srcset=\"https:\/\/www.cubeinfo.it\/wp-content\/uploads\/2019\/04\/dirla2.jpg 500w, https:\/\/www.cubeinfo.it\/wp-content\/uploads\/2019\/04\/dirla2-300x186.jpg 300w, https:\/\/www.cubeinfo.it\/wp-content\/uploads\/2019\/04\/dirla2-768x476.jpg 768w\" sizes=\"(max-width: 500px) 100vw, 500px\" \/><\/div><\/div><\/div><\/div><\/div><\/div><\/div><\/div><\/div><\/div><\/div><\/div><\/div><\/div><\/div>","protected":false},"excerpt":{"rendered":"I nostri studi di fattibilit\u00e0 e finanza di progetto Gli studi di fattibilit\u00e0 tecnico economica necessari per la valutazione della realizzabilit\u00e0 di una opera vengono redatti grazie a figure professionali interne per quanto concerne gli aspetti tecnici, attivando con societ\u00e0 specifiche esterne di consulenza finanaziaria collaborazioni dedicate nei diversi settori delle opere covili ed impiantistiche. [...]","protected":false},"author":1,"featured_media":0,"parent":75808,"menu_order":0,"comment_status":"closed","ping_status":"closed","template":"","meta":{"_mi_skip_tracking":false,"_monsterinsights_sitenote_active":false,"_monsterinsights_sitenote_note":"","_monsterinsights_sitenote_category":0,"footnotes":""},"aioseo_notices":[],"_links":{"self":[{"href":"https:\/\/www.cubeinfo.it\/en\/wp-json\/wp\/v2\/pages\/75811"}],"collection":[{"href":"https:\/\/www.cubeinfo.it\/en\/wp-json\/wp\/v2\/pages"}],"about":[{"href":"https:\/\/www.cubeinfo.it\/en\/wp-json\/wp\/v2\/types\/page"}],"author":[{"embeddable":true,"href":"https:\/\/www.cubeinfo.it\/en\/wp-json\/wp\/v2\/users\/1"}],"replies":[{"embeddable":true,"href":"https:\/\/www.cubeinfo.it\/en\/wp-json\/wp\/v2\/comments?post=75811"}],"version-history":[{"count":0,"href":"https:\/\/www.cubeinfo.it\/en\/wp-json\/wp\/v2\/pages\/75811\/revisions"}],"up":[{"embeddable":true,"href":"https:\/\/www.cubeinfo.it\/en\/wp-json\/wp\/v2\/pages\/75808"}],"wp:attachment":[{"href":"https:\/\/www.cubeinfo.it\/en\/wp-json\/wp\/v2\/media?parent=75811"}],"curies":[{"name":"wp","href":"https:\/\/api.w.org\/{rel}","templated":true}]}}